{"id":65,"date":"2020-09-12T13:31:08","date_gmt":"2020-09-12T11:31:08","guid":{"rendered":"http:\/\/tadeusz.mserwis.info\/?page_id=65"},"modified":"2021-02-20T21:27:15","modified_gmt":"2021-02-20T20:27:15","slug":"bramy","status":"publish","type":"page","link":"https:\/\/www.fensterfurihrzuhause.eu\/?page_id=65","title":{"rendered":"Bramy"},"content":{"rendered":"\t\t<div data-elementor-type=\"wp-page\" data-elementor-id=\"65\" class=\"elementor elementor-65\">\n\t\t\t\t\t\t<section class=\"elementor-section elementor-top-section elementor-element elementor-element-2c4eee8 elementor-section-boxed elementor-section-height-default elementor-section-height-default\" data-id=\"2c4eee8\" data-element_type=\"section\">\n\t\t\t\t\t\t<div class=\"elementor-container elementor-column-gap-default\">\n\t\t\t\t\t<div class=\"elementor-column elementor-col-100 elementor-top-column elementor-element elementor-element-1607f1e\" data-id=\"1607f1e\" data-element_type=\"column\">\n\t\t\t<div class=\"elementor-widget-wrap elementor-element-populated\">\n\t\t\t\t\t\t<div class=\"elementor-element elementor-element-31dd71e elementor-widget elementor-widget-image\" data-id=\"31dd71e\" data-element_type=\"widget\" data-widget_type=\"image.default\">\n\t\t\t\t<div class=\"elementor-widget-container\">\n\t\t\t\t\t\t\t\t\t\t\t\t\t\t\t<img fetchpriority=\"high\" decoding=\"async\" width=\"1920\" height=\"672\" src=\"https:\/\/www.fensterfurihrzuhause.eu\/wp-content\/uploads\/2021\/02\/top_garaz-e1613852702589.jpg\" class=\"attachment-full size-full wp-image-236\" alt=\"\" srcset=\"https:\/\/www.fensterfurihrzuhause.eu\/wp-content\/uploads\/2021\/02\/top_garaz-e1613852702589.jpg 1920w, https:\/\/www.fensterfurihrzuhause.eu\/wp-content\/uploads\/2021\/02\/top_garaz-e1613852702589-300x105.jpg 300w, https:\/\/www.fensterfurihrzuhause.eu\/wp-content\/uploads\/2021\/02\/top_garaz-e1613852702589-1024x358.jpg 1024w, https:\/\/www.fensterfurihrzuhause.eu\/wp-content\/uploads\/2021\/02\/top_garaz-e1613852702589-768x269.jpg 768w, https:\/\/www.fensterfurihrzuhause.eu\/wp-content\/uploads\/2021\/02\/top_garaz-e1613852702589-1536x538.jpg 1536w\" sizes=\"(max-width: 1920px) 100vw, 1920px\" \/>\t\t\t\t\t\t\t\t\t\t\t\t\t\t\t<\/div>\n\t\t\t\t<\/div>\n\t\t\t\t\t<\/div>\n\t\t<\/div>\n\t\t\t\t\t<\/div>\n\t\t<\/section>\n\t\t\t\t<section class=\"elementor-section elementor-top-section elementor-element elementor-element-ba2cced elementor-section-boxed elementor-section-height-default elementor-section-height-default\" data-id=\"ba2cced\" data-element_type=\"section\">\n\t\t\t\t\t\t<div class=\"elementor-container elementor-column-gap-default\">\n\t\t\t\t\t<div class=\"elementor-column elementor-col-50 elementor-top-column elementor-element elementor-element-3108f5e\" data-id=\"3108f5e\" data-element_type=\"column\">\n\t\t\t<div class=\"elementor-widget-wrap elementor-element-populated\">\n\t\t\t\t\t\t<div class=\"elementor-element elementor-element-b6c9eeb elementor-widget elementor-widget-text-editor\" data-id=\"b6c9eeb\" data-element_type=\"widget\" data-widget_type=\"text-editor.default\">\n\t\t\t\t<div class=\"elementor-widget-container\">\n\t\t\t\t\t\t\t\t\t<div><div style=\"background-color: #f2f2f2; padding: 20px; min-height: 220px;\"><h3>GARAGENT\u00dcREN<\/h3><p align=\"left\"><span lang=\"de-DE\">Unsere Offerte umfasst auch Segment- und Industrietore. Unsere Tore sind f\u00fcr verschiedene Zwecke bestimmt \u2013 beginnend mit den Einfamilienh\u00e4usern bis hin zu den Industriebetrieben. <\/span><\/p><\/div><\/div>\t\t\t\t\t\t\t\t<\/div>\n\t\t\t\t<\/div>\n\t\t\t\t\t<\/div>\n\t\t<\/div>\n\t\t\t\t<div class=\"elementor-column elementor-col-50 elementor-top-column elementor-element elementor-element-f475d79\" data-id=\"f475d79\" data-element_type=\"column\">\n\t\t\t<div class=\"elementor-widget-wrap elementor-element-populated\">\n\t\t\t\t\t\t<div class=\"elementor-element elementor-element-7796455 elementor-widget elementor-widget-image\" data-id=\"7796455\" data-element_type=\"widget\" data-widget_type=\"image.default\">\n\t\t\t\t<div class=\"elementor-widget-container\">\n\t\t\t\t\t\t\t\t\t\t\t\t\t\t\t<img decoding=\"async\" width=\"480\" height=\"219\" src=\"https:\/\/www.fensterfurihrzuhause.eu\/wp-content\/uploads\/2020\/09\/bramy1.png\" class=\"attachment-large size-large wp-image-104\" alt=\"\" srcset=\"https:\/\/www.fensterfurihrzuhause.eu\/wp-content\/uploads\/2020\/09\/bramy1.png 480w, https:\/\/www.fensterfurihrzuhause.eu\/wp-content\/uploads\/2020\/09\/bramy1-300x137.png 300w\" sizes=\"(max-width: 480px) 100vw, 480px\" \/>\t\t\t\t\t\t\t\t\t\t\t\t\t\t\t<\/div>\n\t\t\t\t<\/div>\n\t\t\t\t\t<\/div>\n\t\t<\/div>\n\t\t\t\t\t<\/div>\n\t\t<\/section>\n\t\t\t\t<section class=\"elementor-section elementor-top-section elementor-element elementor-element-247cdc4 elementor-section-boxed elementor-section-height-default elementor-section-height-default\" data-id=\"247cdc4\" data-element_type=\"section\">\n\t\t\t\t\t\t<div class=\"elementor-container elementor-column-gap-default\">\n\t\t\t\t\t<div class=\"elementor-column elementor-col-50 elementor-top-column elementor-element elementor-element-b72ef83\" data-id=\"b72ef83\" data-element_type=\"column\">\n\t\t\t<div class=\"elementor-widget-wrap elementor-element-populated\">\n\t\t\t\t\t\t<div class=\"elementor-element elementor-element-cc424b7 elementor-widget elementor-widget-image\" data-id=\"cc424b7\" data-element_type=\"widget\" data-widget_type=\"image.default\">\n\t\t\t\t<div class=\"elementor-widget-container\">\n\t\t\t\t\t\t\t\t\t\t\t\t\t\t\t<img decoding=\"async\" width=\"380\" height=\"253\" src=\"https:\/\/www.fensterfurihrzuhause.eu\/wp-content\/uploads\/2020\/09\/bramy2.png\" class=\"attachment-large size-large wp-image-105\" alt=\"\" srcset=\"https:\/\/www.fensterfurihrzuhause.eu\/wp-content\/uploads\/2020\/09\/bramy2.png 380w, https:\/\/www.fensterfurihrzuhause.eu\/wp-content\/uploads\/2020\/09\/bramy2-300x200.png 300w\" sizes=\"(max-width: 380px) 100vw, 380px\" \/>\t\t\t\t\t\t\t\t\t\t\t\t\t\t\t<\/div>\n\t\t\t\t<\/div>\n\t\t\t\t\t<\/div>\n\t\t<\/div>\n\t\t\t\t<div class=\"elementor-column elementor-col-50 elementor-top-column elementor-element elementor-element-9b725e0\" data-id=\"9b725e0\" data-element_type=\"column\">\n\t\t\t<div class=\"elementor-widget-wrap elementor-element-populated\">\n\t\t\t\t\t\t<div class=\"elementor-element elementor-element-748c8b2 elementor-widget elementor-widget-text-editor\" data-id=\"748c8b2\" data-element_type=\"widget\" data-widget_type=\"text-editor.default\">\n\t\t\t\t<div class=\"elementor-widget-container\">\n\t\t\t\t\t\t\t\t\t<div>\n<h4 style=\"color: #c2272d; font-weight: bold;\">1. SEGMENTTORE<\/h4>\n<div style=\"margin-left: 1.75em;\">\n<p align=\"left\"><span lang=\"de-DE\"><b>Dank der Eigenschaft, dass sich die Segmenttoren vertikal \u00f6ffnen, sparen sie Platz vor und im Inneren der Garage. <\/b><\/span><span lang=\"de-DE\">Ein weiterer Vorteil ist die Tatsache, dass uns zur Verf\u00fcgung die ganze Durchfahrtsbreite steht. Diese Tore lassen sich bei jeder Montagesituation anwenden \u2013 die Form der Einfahrt der Garage spielt keine Rolle. Unabh\u00e4ngig davon, ob der Sturz eine rechteckige oder schr\u00e4ge Form bzw. sogar Bogenform hat \u2013 ein Segmenttor passt sich jeder Situation an.<\/span><\/p>\n<p align=\"left\"><span lang=\"de-DE\">Dank der Konstruktionsmerkmale eignen sich die Segmenttore bestens f\u00fcr die renovierten Garagen.<\/span><\/p>\n<p align=\"left\"><span lang=\"de-DE\">Wir bieten die Tore folgender Hersteller an:<\/span><\/p>\n\n<ul style=\"list-style-type: square; margin-left: 0.15em;\">\n \t<li style=\"color: #c2272d;\">Big-Tor<\/span><\/li>\n \t<li style=\"color: #c2272d;\">Hormann<\/span><\/li>\n<\/ul>\n<\/div>\n<\/div>\t\t\t\t\t\t\t\t<\/div>\n\t\t\t\t<\/div>\n\t\t\t\t\t<\/div>\n\t\t<\/div>\n\t\t\t\t\t<\/div>\n\t\t<\/section>\n\t\t\t\t<section class=\"elementor-section elementor-top-section elementor-element elementor-element-8d3ee9e elementor-section-boxed elementor-section-height-default elementor-section-height-default\" data-id=\"8d3ee9e\" data-element_type=\"section\">\n\t\t\t\t\t\t<div class=\"elementor-container elementor-column-gap-default\">\n\t\t\t\t\t<div class=\"elementor-column elementor-col-50 elementor-top-column elementor-element elementor-element-0195148\" data-id=\"0195148\" data-element_type=\"column\">\n\t\t\t<div class=\"elementor-widget-wrap elementor-element-populated\">\n\t\t\t\t\t\t<div class=\"elementor-element elementor-element-840eee6 elementor-widget elementor-widget-image\" data-id=\"840eee6\" data-element_type=\"widget\" data-widget_type=\"image.default\">\n\t\t\t\t<div class=\"elementor-widget-container\">\n\t\t\t\t\t\t\t\t\t\t\t\t\t\t\t<img loading=\"lazy\" decoding=\"async\" width=\"380\" height=\"253\" src=\"https:\/\/www.fensterfurihrzuhause.eu\/wp-content\/uploads\/2020\/09\/bramy3.png\" class=\"attachment-large size-large wp-image-106\" alt=\"\" srcset=\"https:\/\/www.fensterfurihrzuhause.eu\/wp-content\/uploads\/2020\/09\/bramy3.png 380w, https:\/\/www.fensterfurihrzuhause.eu\/wp-content\/uploads\/2020\/09\/bramy3-300x200.png 300w\" sizes=\"(max-width: 380px) 100vw, 380px\" \/>\t\t\t\t\t\t\t\t\t\t\t\t\t\t\t<\/div>\n\t\t\t\t<\/div>\n\t\t\t\t\t<\/div>\n\t\t<\/div>\n\t\t\t\t<div class=\"elementor-column elementor-col-50 elementor-top-column elementor-element elementor-element-437d182\" data-id=\"437d182\" data-element_type=\"column\">\n\t\t\t<div class=\"elementor-widget-wrap elementor-element-populated\">\n\t\t\t\t\t\t<div class=\"elementor-element elementor-element-0ec1430 elementor-widget elementor-widget-text-editor\" data-id=\"0ec1430\" data-element_type=\"widget\" data-widget_type=\"text-editor.default\">\n\t\t\t\t<div class=\"elementor-widget-container\">\n\t\t\t\t\t\t\t\t\t<div id=\"ff-sidebar-right\" class=\"small-12 large-6 columns\"><h3 style=\"color: #c2272d; font-weight: bold;\">2. INDUSTRIETORE<\/h3><div style=\"margin-left: 1.75em;\"><p align=\"left\"><span lang=\"de-DE\">Die Industrietore zeichnen sich durch hohe Widerstandsf\u00e4higkeit gegen die \u00e4u\u00dferen Faktoren, solide Konstruktion, gutes Isolierverm\u00f6gen und Leichtigkeit aus <\/span><\/p><p align=\"left\"><span lang=\"de-DE\">Ihre Arbeit wird dank entsprechender Automatik und des anderen Zubeh\u00f6rs wie: Fenster, Seitent\u00fcren oder spezielle Ventilation verbessert. <\/span><\/p><\/div><\/div>\t\t\t\t\t\t\t\t<\/div>\n\t\t\t\t<\/div>\n\t\t\t\t\t<\/div>\n\t\t<\/div>\n\t\t\t\t\t<\/div>\n\t\t<\/section>\n\t\t\t\t<\/div>\n\t\t","protected":false},"excerpt":{"rendered":"<p>GARAGENT\u00dcREN Unsere Offerte umfasst auch Segment- und Industrietore. Unsere Tore sind f\u00fcr verschiedene Zwecke bestimmt \u2013 beginnend mit den Einfamilienh\u00e4usern bis hin zu den Industriebetrieben. 1. SEGMENTTORE Dank der Eigenschaft, dass sich die Segmenttoren vertikal \u00f6ffnen, sparen sie Platz vor und im Inneren der Garage. Ein weiterer Vorteil ist die Tatsache, dass uns zur Verf\u00fcgung [&hellip;]<\/p>\n","protected":false},"author":1,"featured_media":0,"parent":0,"menu_order":0,"comment_status":"closed","ping_status":"closed","template":"","meta":{"ocean_post_layout":"full-screen","ocean_both_sidebars_style":"","ocean_both_sidebars_content_width":0,"ocean_both_sidebars_sidebars_width":0,"ocean_sidebar":"0","ocean_second_sidebar":"0","ocean_disable_margins":"enable","ocean_add_body_class":"","ocean_shortcode_before_top_bar":"","ocean_shortcode_after_top_bar":"","ocean_shortcode_before_header":"","ocean_shortcode_after_header":"","ocean_has_shortcode":"","ocean_shortcode_after_title":"","ocean_shortcode_before_footer_widgets":"","ocean_shortcode_after_footer_widgets":"","ocean_shortcode_before_footer_bottom":"","ocean_shortcode_after_footer_bottom":"","ocean_display_top_bar":"default","ocean_display_header":"default","ocean_header_style":"","ocean_center_header_left_menu":"0","ocean_custom_header_template":"0","ocean_custom_logo":0,"ocean_custom_retina_logo":0,"ocean_custom_logo_max_width":0,"ocean_custom_logo_tablet_max_width":0,"ocean_custom_logo_mobile_max_width":0,"ocean_custom_logo_max_height":0,"ocean_custom_logo_tablet_max_height":0,"ocean_custom_logo_mobile_max_height":0,"ocean_header_custom_menu":"0","ocean_menu_typo_font_family":"0","ocean_menu_typo_font_subset":"","ocean_menu_typo_font_size":0,"ocean_menu_typo_font_size_tablet":0,"ocean_menu_typo_font_size_mobile":0,"ocean_menu_typo_font_size_unit":"px","ocean_menu_typo_font_weight":"","ocean_menu_typo_font_weight_tablet":"","ocean_menu_typo_font_weight_mobile":"","ocean_menu_typo_transform":"","ocean_menu_typo_transform_tablet":"","ocean_menu_typo_transform_mobile":"","ocean_menu_typo_line_height":0,"ocean_menu_typo_line_height_tablet":0,"ocean_menu_typo_line_height_mobile":0,"ocean_menu_typo_line_height_unit":"","ocean_menu_typo_spacing":0,"ocean_menu_typo_spacing_tablet":0,"ocean_menu_typo_spacing_mobile":0,"ocean_menu_typo_spacing_unit":"","ocean_menu_link_color":"","ocean_menu_link_color_hover":"","ocean_menu_link_color_active":"","ocean_menu_link_background":"","ocean_menu_link_hover_background":"","ocean_menu_link_active_background":"","ocean_menu_social_links_bg":"","ocean_menu_social_hover_links_bg":"","ocean_menu_social_links_color":"","ocean_menu_social_hover_links_color":"","ocean_disable_title":"on","ocean_disable_heading":"default","ocean_post_title":"","ocean_post_subheading":"","ocean_post_title_style":"","ocean_post_title_background_color":"","ocean_post_title_background":0,"ocean_post_title_bg_image_position":"","ocean_post_title_bg_image_attachment":"","ocean_post_title_bg_image_repeat":"","ocean_post_title_bg_image_size":"","ocean_post_title_height":0,"ocean_post_title_bg_overlay":0.5,"ocean_post_title_bg_overlay_color":"","ocean_disable_breadcrumbs":"default","ocean_breadcrumbs_color":"","ocean_breadcrumbs_separator_color":"","ocean_breadcrumbs_links_color":"","ocean_breadcrumbs_links_hover_color":"","ocean_display_footer_widgets":"default","ocean_display_footer_bottom":"default","ocean_custom_footer_template":"0","footnotes":""},"class_list":["post-65","page","type-page","status-publish","hentry","entry"],"_links":{"self":[{"href":"https:\/\/www.fensterfurihrzuhause.eu\/index.php?rest_route=\/wp\/v2\/pages\/65","targetHints":{"allow":["GET"]}}],"collection":[{"href":"https:\/\/www.fensterfurihrzuhause.eu\/index.php?rest_route=\/wp\/v2\/pages"}],"about":[{"href":"https:\/\/www.fensterfurihrzuhause.eu\/index.php?rest_route=\/wp\/v2\/types\/page"}],"author":[{"embeddable":true,"href":"https:\/\/www.fensterfurihrzuhause.eu\/index.php?rest_route=\/wp\/v2\/users\/1"}],"replies":[{"embeddable":true,"href":"https:\/\/www.fensterfurihrzuhause.eu\/index.php?rest_route=%2Fwp%2Fv2%2Fcomments&post=65"}],"version-history":[{"count":10,"href":"https:\/\/www.fensterfurihrzuhause.eu\/index.php?rest_route=\/wp\/v2\/pages\/65\/revisions"}],"predecessor-version":[{"id":243,"href":"https:\/\/www.fensterfurihrzuhause.eu\/index.php?rest_route=\/wp\/v2\/pages\/65\/revisions\/243"}],"wp:attachment":[{"href":"https:\/\/www.fensterfurihrzuhause.eu\/index.php?rest_route=%2Fwp%2Fv2%2Fmedia&parent=65"}],"curies":[{"name":"wp","href":"https:\/\/api.w.org\/{rel}","templated":true}]}}