{"id":59,"date":"2020-09-12T13:29:40","date_gmt":"2020-09-12T11:29:40","guid":{"rendered":"http:\/\/tadeusz.mserwis.info\/?page_id=59"},"modified":"2021-02-20T21:12:28","modified_gmt":"2021-02-20T20:12:28","slug":"okna","status":"publish","type":"page","link":"https:\/\/www.fensterfurihrzuhause.eu\/?page_id=59","title":{"rendered":"Okna"},"content":{"rendered":"\t\t<div data-elementor-type=\"wp-page\" data-elementor-id=\"59\" class=\"elementor elementor-59\">\n\t\t\t\t\t\t<section class=\"elementor-section elementor-top-section elementor-element elementor-element-70878fe elementor-section-boxed elementor-section-height-default elementor-section-height-default\" data-id=\"70878fe\" data-element_type=\"section\">\n\t\t\t\t\t\t<div class=\"elementor-container elementor-column-gap-default\">\n\t\t\t\t\t<div class=\"elementor-column elementor-col-100 elementor-top-column elementor-element elementor-element-037f3c9\" data-id=\"037f3c9\" data-element_type=\"column\">\n\t\t\t<div class=\"elementor-widget-wrap elementor-element-populated\">\n\t\t\t\t\t\t<div class=\"elementor-element elementor-element-a40cef6 elementor-widget elementor-widget-image\" data-id=\"a40cef6\" data-element_type=\"widget\" data-widget_type=\"image.default\">\n\t\t\t\t<div class=\"elementor-widget-container\">\n\t\t\t\t\t\t\t\t\t\t\t\t\t\t\t<img fetchpriority=\"high\" decoding=\"async\" width=\"2000\" height=\"1053\" src=\"https:\/\/www.fensterfurihrzuhause.eu\/wp-content\/uploads\/2021\/02\/cropped-top1.jpg\" class=\"attachment-full size-full wp-image-215\" alt=\"\" srcset=\"https:\/\/www.fensterfurihrzuhause.eu\/wp-content\/uploads\/2021\/02\/cropped-top1.jpg 2000w, https:\/\/www.fensterfurihrzuhause.eu\/wp-content\/uploads\/2021\/02\/cropped-top1-300x158.jpg 300w, https:\/\/www.fensterfurihrzuhause.eu\/wp-content\/uploads\/2021\/02\/cropped-top1-1024x539.jpg 1024w, https:\/\/www.fensterfurihrzuhause.eu\/wp-content\/uploads\/2021\/02\/cropped-top1-768x404.jpg 768w, https:\/\/www.fensterfurihrzuhause.eu\/wp-content\/uploads\/2021\/02\/cropped-top1-1536x809.jpg 1536w\" sizes=\"(max-width: 2000px) 100vw, 2000px\" \/>\t\t\t\t\t\t\t\t\t\t\t\t\t\t\t<\/div>\n\t\t\t\t<\/div>\n\t\t\t\t\t<\/div>\n\t\t<\/div>\n\t\t\t\t\t<\/div>\n\t\t<\/section>\n\t\t\t\t<section class=\"elementor-section elementor-top-section elementor-element elementor-element-f9dd7b2 elementor-section-boxed elementor-section-height-default elementor-section-height-default\" data-id=\"f9dd7b2\" data-element_type=\"section\">\n\t\t\t\t\t\t<div class=\"elementor-container elementor-column-gap-default\">\n\t\t\t\t\t<div class=\"elementor-column elementor-col-50 elementor-top-column elementor-element elementor-element-b75ad15\" data-id=\"b75ad15\" data-element_type=\"column\">\n\t\t\t<div class=\"elementor-widget-wrap elementor-element-populated\">\n\t\t\t\t\t\t<div class=\"elementor-element elementor-element-ecb5a78 elementor-widget elementor-widget-text-editor\" data-id=\"ecb5a78\" data-element_type=\"widget\" data-widget_type=\"text-editor.default\">\n\t\t\t\t<div class=\"elementor-widget-container\">\n\t\t\t\t\t\t\t\t\t<div id=\"ff-main-content-left\" class=\"small-12 large-6 columns\"><div id=\"blockStyle105OfertaLeftopis31\" class=\" ccm-block-styles\"><div style=\"background-color: #f2f2f2; padding: 20px; min-height: 220px;\"><h3>FENSTER<\/h3><p align=\"justify\"><span lang=\"de-DE\">Denkt man ans Fenster, kann man es in vier Bestandteile teilen. Die von uns vorgeschlagene Teilung sehen Sie unten. Indem wir jedes Element entsprechend w\u00e4hlen, sind wir in der Lage, ein Fenster <\/span><span lang=\"de-DE\"><b>\u201ezu gestalten\u201c<\/b><\/span><span lang=\"de-DE\">, das all Ihre W\u00fcnsche erf\u00fcllt.<\/span><\/p><\/div><\/div><\/div>\t\t\t\t\t\t\t\t<\/div>\n\t\t\t\t<\/div>\n\t\t\t\t\t<\/div>\n\t\t<\/div>\n\t\t\t\t<div class=\"elementor-column elementor-col-50 elementor-top-column elementor-element elementor-element-4afd0ad\" data-id=\"4afd0ad\" data-element_type=\"column\">\n\t\t\t<div class=\"elementor-widget-wrap elementor-element-populated\">\n\t\t\t\t\t\t<div class=\"elementor-element elementor-element-48a12b2 elementor-widget elementor-widget-image\" data-id=\"48a12b2\" data-element_type=\"widget\" data-widget_type=\"image.default\">\n\t\t\t\t<div class=\"elementor-widget-container\">\n\t\t\t\t\t\t\t\t\t\t\t\t\t\t\t<img decoding=\"async\" width=\"385\" height=\"220\" src=\"https:\/\/www.fensterfurihrzuhause.eu\/wp-content\/uploads\/2020\/09\/okna_1.png\" class=\"attachment-large size-large wp-image-78\" alt=\"\" srcset=\"https:\/\/www.fensterfurihrzuhause.eu\/wp-content\/uploads\/2020\/09\/okna_1.png 385w, https:\/\/www.fensterfurihrzuhause.eu\/wp-content\/uploads\/2020\/09\/okna_1-300x171.png 300w\" sizes=\"(max-width: 385px) 100vw, 385px\" \/>\t\t\t\t\t\t\t\t\t\t\t\t\t\t\t<\/div>\n\t\t\t\t<\/div>\n\t\t\t\t\t<\/div>\n\t\t<\/div>\n\t\t\t\t\t<\/div>\n\t\t<\/section>\n\t\t\t\t<section class=\"elementor-section elementor-top-section elementor-element elementor-element-d0e3105 elementor-section-boxed elementor-section-height-default elementor-section-height-default\" data-id=\"d0e3105\" data-element_type=\"section\">\n\t\t\t\t\t\t<div class=\"elementor-container elementor-column-gap-default\">\n\t\t\t\t\t<div class=\"elementor-column elementor-col-50 elementor-top-column elementor-element elementor-element-81b04e2\" data-id=\"81b04e2\" data-element_type=\"column\">\n\t\t\t<div class=\"elementor-widget-wrap elementor-element-populated\">\n\t\t\t\t\t\t<div class=\"elementor-element elementor-element-5b2016d elementor-widget elementor-widget-image\" data-id=\"5b2016d\" data-element_type=\"widget\" data-widget_type=\"image.default\">\n\t\t\t\t<div class=\"elementor-widget-container\">\n\t\t\t\t\t\t\t\t\t\t\t\t\t\t\t<img decoding=\"async\" width=\"400\" height=\"300\" src=\"https:\/\/www.fensterfurihrzuhause.eu\/wp-content\/uploads\/2020\/09\/profile1.png\" class=\"attachment-large size-large wp-image-80\" alt=\"\" srcset=\"https:\/\/www.fensterfurihrzuhause.eu\/wp-content\/uploads\/2020\/09\/profile1.png 400w, https:\/\/www.fensterfurihrzuhause.eu\/wp-content\/uploads\/2020\/09\/profile1-300x225.png 300w\" sizes=\"(max-width: 400px) 100vw, 400px\" \/>\t\t\t\t\t\t\t\t\t\t\t\t\t\t\t<\/div>\n\t\t\t\t<\/div>\n\t\t\t\t\t<\/div>\n\t\t<\/div>\n\t\t\t\t<div class=\"elementor-column elementor-col-50 elementor-top-column elementor-element elementor-element-1775588\" data-id=\"1775588\" data-element_type=\"column\">\n\t\t\t<div class=\"elementor-widget-wrap elementor-element-populated\">\n\t\t\t\t\t\t<div class=\"elementor-element elementor-element-87fdc6c elementor-widget elementor-widget-text-editor\" data-id=\"87fdc6c\" data-element_type=\"widget\" data-widget_type=\"text-editor.default\">\n\t\t\t\t<div class=\"elementor-widget-container\">\n\t\t\t\t\t\t\t\t\t<div id=\"ff-sidebar-right\" class=\"small-12 large-6 columns\"><h4 style=\"color: #c2272d; font-weight: bold;\">1. PROFILE<\/h4><div style=\"margin-left: 1.75em;\"><p align=\"justify\"><span lang=\"de-DE\">In der Offerte sind <\/span><span lang=\"de-DE\"><b>die Profile der besten Marken <\/b><\/span><span lang=\"de-DE\">verf\u00fcgbar:<\/span><\/p><ul style=\"list-style-type: square; margin-left: 0.15em;\"><li style=\"color: #c2272d;\">Br\u00fcgmann<\/li><li style=\"color: #c2272d;\">Salamander<\/li><li style=\"color: #c2272d;\">bluEvolution<\/li><li style=\"color: #c2272d;\">Sch\u00fcco<\/li><li style=\"color: #c2272d;\">Veka<\/li><li style=\"color: #c2272d;\">Aluplast<\/li><li style=\"color: #c2272d;\"><p align=\"justify\"><span lang=\"de-DE\"><b>Systeme der Holzprofile und Holz-Aluminiumprofile der Firmen Pozbud und Vidok<\/b><\/span><\/p><\/li><\/ul><\/div><\/div>\t\t\t\t\t\t\t\t<\/div>\n\t\t\t\t<\/div>\n\t\t\t\t\t<\/div>\n\t\t<\/div>\n\t\t\t\t\t<\/div>\n\t\t<\/section>\n\t\t\t\t<section class=\"elementor-section elementor-top-section elementor-element elementor-element-f64c758 elementor-section-boxed elementor-section-height-default elementor-section-height-default\" data-id=\"f64c758\" data-element_type=\"section\">\n\t\t\t\t\t\t<div class=\"elementor-container elementor-column-gap-default\">\n\t\t\t\t\t<div class=\"elementor-column elementor-col-50 elementor-top-column elementor-element elementor-element-ad6580e\" data-id=\"ad6580e\" data-element_type=\"column\">\n\t\t\t<div class=\"elementor-widget-wrap elementor-element-populated\">\n\t\t\t\t\t\t<div class=\"elementor-element elementor-element-2cc066a elementor-widget elementor-widget-image\" data-id=\"2cc066a\" data-element_type=\"widget\" data-widget_type=\"image.default\">\n\t\t\t\t<div class=\"elementor-widget-container\">\n\t\t\t\t\t\t\t\t\t\t\t\t\t\t\t<img loading=\"lazy\" decoding=\"async\" width=\"400\" height=\"400\" src=\"https:\/\/www.fensterfurihrzuhause.eu\/wp-content\/uploads\/2020\/09\/szyby1.jpg\" class=\"attachment-large size-large wp-image-81\" alt=\"\" srcset=\"https:\/\/www.fensterfurihrzuhause.eu\/wp-content\/uploads\/2020\/09\/szyby1.jpg 400w, https:\/\/www.fensterfurihrzuhause.eu\/wp-content\/uploads\/2020\/09\/szyby1-300x300.jpg 300w, https:\/\/www.fensterfurihrzuhause.eu\/wp-content\/uploads\/2020\/09\/szyby1-150x150.jpg 150w\" sizes=\"(max-width: 400px) 100vw, 400px\" \/>\t\t\t\t\t\t\t\t\t\t\t\t\t\t\t<\/div>\n\t\t\t\t<\/div>\n\t\t\t\t\t<\/div>\n\t\t<\/div>\n\t\t\t\t<div class=\"elementor-column elementor-col-50 elementor-top-column elementor-element elementor-element-a91e456\" data-id=\"a91e456\" data-element_type=\"column\">\n\t\t\t<div class=\"elementor-widget-wrap elementor-element-populated\">\n\t\t\t\t\t\t<div class=\"elementor-element elementor-element-f49119e elementor-widget elementor-widget-text-editor\" data-id=\"f49119e\" data-element_type=\"widget\" data-widget_type=\"text-editor.default\">\n\t\t\t\t<div class=\"elementor-widget-container\">\n\t\t\t\t\t\t\t\t\t<div id=\"ff-sidebar-right\" class=\"small-12 large-6 columns\">\n<h4 style=\"color: #c2272d; font-weight: bold;\">2. GLAS<\/h4>\n<p align=\"left\"><span lang=\"de-DE\">Zu den popul\u00e4rsten L\u00f6sungen z\u00e4hlen die Doppelglassysteme. <\/span><\/p>\n<p align=\"left\"><span lang=\"de-DE\">Im Falle der Einfamilienh\u00e4user <\/span><span lang=\"de-DE\"><b>empfehlen wir und bef\u00fcrworten die Dreiglassysteme <\/b><\/span><span lang=\"de-DE\">mit kleinerem W\u00e4rmedurchgangkoeffizient.<\/span><\/p>\n<p align=\"left\"><span lang=\"de-DE\"><b>Zus\u00e4tzlich bieten wir folgende Scheiben an:<\/b><\/span><\/p>\n\n<div style=\"margin-left: 1.75em;\">\n<ul style=\"list-style-type: square;\">\n \t<li style=\"color: #c2272d;\"><span style=\"color: #424242;\">Ornamentscheiben<\/span><\/li>\n \t<li style=\"color: #c2272d;\"><span style=\"color: #424242;\">Sonnenschutzglas<\/span><\/li>\n \t<li style=\"color: #c2272d;\"><span style=\"color: #424242;\">l\u00e4rmd\u00e4mmende<\/span><\/li>\n \t<li style=\"color: #c2272d;\"><span style=\"color: #424242;\">Schutzscheiben:<\/span>\n<div style=\"margin-left: 1.75em;\">\n<p style=\"color: #424242;\">&#8211; einbruchssicher\n<br>&#8211; sichere (zur Minderung des Verletzungsrisikos mit den Glasscherben).<\/p>\n\n<\/div><\/li>\n<\/ul>\n<\/div>\n<\/div>\t\t\t\t\t\t\t\t<\/div>\n\t\t\t\t<\/div>\n\t\t\t\t\t<\/div>\n\t\t<\/div>\n\t\t\t\t\t<\/div>\n\t\t<\/section>\n\t\t\t\t<section class=\"elementor-section elementor-top-section elementor-element elementor-element-2d5ccf0 elementor-section-boxed elementor-section-height-default elementor-section-height-default\" data-id=\"2d5ccf0\" data-element_type=\"section\">\n\t\t\t\t\t\t<div class=\"elementor-container elementor-column-gap-default\">\n\t\t\t\t\t<div class=\"elementor-column elementor-col-50 elementor-top-column elementor-element elementor-element-443da75\" data-id=\"443da75\" data-element_type=\"column\">\n\t\t\t<div class=\"elementor-widget-wrap elementor-element-populated\">\n\t\t\t\t\t\t<div class=\"elementor-element elementor-element-9591d2b elementor-widget elementor-widget-image\" data-id=\"9591d2b\" data-element_type=\"widget\" data-widget_type=\"image.default\">\n\t\t\t\t<div class=\"elementor-widget-container\">\n\t\t\t\t\t\t\t\t\t\t\t\t\t\t\t<img loading=\"lazy\" decoding=\"async\" width=\"328\" height=\"300\" src=\"https:\/\/www.fensterfurihrzuhause.eu\/wp-content\/uploads\/2020\/09\/okucia1.jpg\" class=\"attachment-large size-large wp-image-82\" alt=\"\" srcset=\"https:\/\/www.fensterfurihrzuhause.eu\/wp-content\/uploads\/2020\/09\/okucia1.jpg 328w, https:\/\/www.fensterfurihrzuhause.eu\/wp-content\/uploads\/2020\/09\/okucia1-300x274.jpg 300w\" sizes=\"(max-width: 328px) 100vw, 328px\" \/>\t\t\t\t\t\t\t\t\t\t\t\t\t\t\t<\/div>\n\t\t\t\t<\/div>\n\t\t\t\t\t<\/div>\n\t\t<\/div>\n\t\t\t\t<div class=\"elementor-column elementor-col-50 elementor-top-column elementor-element elementor-element-79765a6\" data-id=\"79765a6\" data-element_type=\"column\">\n\t\t\t<div class=\"elementor-widget-wrap elementor-element-populated\">\n\t\t\t\t\t\t<div class=\"elementor-element elementor-element-7c7ff8e elementor-widget elementor-widget-text-editor\" data-id=\"7c7ff8e\" data-element_type=\"widget\" data-widget_type=\"text-editor.default\">\n\t\t\t\t<div class=\"elementor-widget-container\">\n\t\t\t\t\t\t\t\t\t<div id=\"ff-sidebar-right\" class=\"small-12 large-6 columns\"><h4 style=\"color: #c2272d; font-weight: bold;\">3. Beschl\u00e4ge<\/h4><div style=\"margin-left: 1.75em;\"><p align=\"left\"><span lang=\"de-DE\"><b>Wir offerieren nur haltbare und solide Systeme folgender Firmen: Maco, Roto, Siegienia und GU, <\/b><\/span><span lang=\"de-DE\">die Ihnen lange Jahre dienen. <\/span><\/p><\/div><\/div>\t\t\t\t\t\t\t\t<\/div>\n\t\t\t\t<\/div>\n\t\t\t\t\t<\/div>\n\t\t<\/div>\n\t\t\t\t\t<\/div>\n\t\t<\/section>\n\t\t\t\t<section class=\"elementor-section elementor-top-section elementor-element elementor-element-dfadbac elementor-section-boxed elementor-section-height-default elementor-section-height-default\" data-id=\"dfadbac\" data-element_type=\"section\">\n\t\t\t\t\t\t<div class=\"elementor-container elementor-column-gap-default\">\n\t\t\t\t\t<div class=\"elementor-column elementor-col-50 elementor-top-column elementor-element elementor-element-3d8eecd\" data-id=\"3d8eecd\" data-element_type=\"column\">\n\t\t\t<div class=\"elementor-widget-wrap elementor-element-populated\">\n\t\t\t\t\t\t<div class=\"elementor-element elementor-element-0227b0e elementor-widget elementor-widget-image\" data-id=\"0227b0e\" data-element_type=\"widget\" data-widget_type=\"image.default\">\n\t\t\t\t<div class=\"elementor-widget-container\">\n\t\t\t\t\t\t\t\t\t\t\t\t\t\t\t<img loading=\"lazy\" decoding=\"async\" width=\"356\" height=\"139\" src=\"https:\/\/www.fensterfurihrzuhause.eu\/wp-content\/uploads\/2020\/09\/dodatki1.png\" class=\"attachment-large size-large wp-image-83\" alt=\"\" srcset=\"https:\/\/www.fensterfurihrzuhause.eu\/wp-content\/uploads\/2020\/09\/dodatki1.png 356w, https:\/\/www.fensterfurihrzuhause.eu\/wp-content\/uploads\/2020\/09\/dodatki1-300x117.png 300w\" sizes=\"(max-width: 356px) 100vw, 356px\" \/>\t\t\t\t\t\t\t\t\t\t\t\t\t\t\t<\/div>\n\t\t\t\t<\/div>\n\t\t\t\t\t<\/div>\n\t\t<\/div>\n\t\t\t\t<div class=\"elementor-column elementor-col-50 elementor-top-column elementor-element elementor-element-5a129c8\" data-id=\"5a129c8\" data-element_type=\"column\">\n\t\t\t<div class=\"elementor-widget-wrap elementor-element-populated\">\n\t\t\t\t\t\t<div class=\"elementor-element elementor-element-c3bdd08 elementor-widget elementor-widget-text-editor\" data-id=\"c3bdd08\" data-element_type=\"widget\" data-widget_type=\"text-editor.default\">\n\t\t\t\t<div class=\"elementor-widget-container\">\n\t\t\t\t\t\t\t\t\t<div id=\"ff-sidebar-right\" class=\"small-12 large-6 columns\"><h4 style=\"color: #c2272d; font-weight: bold;\">4. ZUBEH\u00d6R<\/h4><div style=\"margin-left: 1.75em;\"><p align=\"left\"><span lang=\"de-DE\">Au\u00dferdem, dass die Fenster entsprechende thermische Isolierung garantieren und vor anderen Au\u00dfenfaktoren sch\u00fctzen sollen, wollen wir auch, dass sie gut aussehen und sich mit der Au\u00dfenfassade des Geb\u00e4udes und dem Interieur gut komponieren. <\/span><\/p><p align=\"justify\"><span lang=\"de-DE\"><b>Wir bieten eine breite Farbauswahl der Fenster und die optionale Ausstattung der Fenster an, z.B.:<\/b><\/span><\/p><ul style=\"list-style-type: square; margin-bottom: 0;\"><li style=\"color: #c2272d;\"><span style=\"color: #424242;\">Sprossen<\/span><\/li><li style=\"color: #c2272d;\"><span style=\"color: #424242;\">L\u00fcfter<\/span><\/li><li style=\"color: #c2272d;\"><span style=\"color: #424242;\">einbruchssichere Beschl\u00e4ge<\/span><\/li><\/ul><p align=\"left\"><span lang=\"de-DE\"><b>In Bezug auf diese Elemente garantieren wir Fachberatung und Hilfe.<\/b><\/span><\/p><p><strong>\u00a0<\/strong><\/p><\/div><\/div>\t\t\t\t\t\t\t\t<\/div>\n\t\t\t\t<\/div>\n\t\t\t\t\t<\/div>\n\t\t<\/div>\n\t\t\t\t\t<\/div>\n\t\t<\/section>\n\t\t\t\t<\/div>\n\t\t","protected":false},"excerpt":{"rendered":"<p>FENSTER Denkt man ans Fenster, kann man es in vier Bestandteile teilen. Die von uns vorgeschlagene Teilung sehen Sie unten. Indem wir jedes Element entsprechend w\u00e4hlen, sind wir in der Lage, ein Fenster \u201ezu gestalten\u201c, das all Ihre W\u00fcnsche erf\u00fcllt. 1. PROFILE In der Offerte sind die Profile der besten Marken verf\u00fcgbar: Br\u00fcgmann Salamander bluEvolution [&hellip;]<\/p>\n","protected":false},"author":1,"featured_media":0,"parent":0,"menu_order":0,"comment_status":"closed","ping_status":"closed","template":"","meta":{"ocean_post_layout":"full-screen","ocean_both_sidebars_style":"","ocean_both_sidebars_content_width":0,"ocean_both_sidebars_sidebars_width":0,"ocean_sidebar":"0","ocean_second_sidebar":"0","ocean_disable_margins":"enable","ocean_add_body_class":"","ocean_shortcode_before_top_bar":"","ocean_shortcode_after_top_bar":"","ocean_shortcode_before_header":"","ocean_shortcode_after_header":"","ocean_has_shortcode":"","ocean_shortcode_after_title":"","ocean_shortcode_before_footer_widgets":"","ocean_shortcode_after_footer_widgets":"","ocean_shortcode_before_footer_bottom":"","ocean_shortcode_after_footer_bottom":"","ocean_display_top_bar":"default","ocean_display_header":"default","ocean_header_style":"","ocean_center_header_left_menu":"0","ocean_custom_header_template":"0","ocean_custom_logo":0,"ocean_custom_retina_logo":0,"ocean_custom_logo_max_width":0,"ocean_custom_logo_tablet_max_width":0,"ocean_custom_logo_mobile_max_width":0,"ocean_custom_logo_max_height":0,"ocean_custom_logo_tablet_max_height":0,"ocean_custom_logo_mobile_max_height":0,"ocean_header_custom_menu":"0","ocean_menu_typo_font_family":"0","ocean_menu_typo_font_subset":"","ocean_menu_typo_font_size":0,"ocean_menu_typo_font_size_tablet":0,"ocean_menu_typo_font_size_mobile":0,"ocean_menu_typo_font_size_unit":"px","ocean_menu_typo_font_weight":"","ocean_menu_typo_font_weight_tablet":"","ocean_menu_typo_font_weight_mobile":"","ocean_menu_typo_transform":"","ocean_menu_typo_transform_tablet":"","ocean_menu_typo_transform_mobile":"","ocean_menu_typo_line_height":0,"ocean_menu_typo_line_height_tablet":0,"ocean_menu_typo_line_height_mobile":0,"ocean_menu_typo_line_height_unit":"","ocean_menu_typo_spacing":0,"ocean_menu_typo_spacing_tablet":0,"ocean_menu_typo_spacing_mobile":0,"ocean_menu_typo_spacing_unit":"","ocean_menu_link_color":"","ocean_menu_link_color_hover":"","ocean_menu_link_color_active":"","ocean_menu_link_background":"","ocean_menu_link_hover_background":"","ocean_menu_link_active_background":"","ocean_menu_social_links_bg":"","ocean_menu_social_hover_links_bg":"","ocean_menu_social_links_color":"","ocean_menu_social_hover_links_color":"","ocean_disable_title":"on","ocean_disable_heading":"default","ocean_post_title":"","ocean_post_subheading":"","ocean_post_title_style":"","ocean_post_title_background_color":"","ocean_post_title_background":0,"ocean_post_title_bg_image_position":"","ocean_post_title_bg_image_attachment":"","ocean_post_title_bg_image_repeat":"","ocean_post_title_bg_image_size":"","ocean_post_title_height":0,"ocean_post_title_bg_overlay":0.5,"ocean_post_title_bg_overlay_color":"","ocean_disable_breadcrumbs":"default","ocean_breadcrumbs_color":"","ocean_breadcrumbs_separator_color":"","ocean_breadcrumbs_links_color":"","ocean_breadcrumbs_links_hover_color":"","ocean_display_footer_widgets":"default","ocean_display_footer_bottom":"default","ocean_custom_footer_template":"0","footnotes":""},"class_list":["post-59","page","type-page","status-publish","hentry","entry"],"_links":{"self":[{"href":"https:\/\/www.fensterfurihrzuhause.eu\/index.php?rest_route=\/wp\/v2\/pages\/59","targetHints":{"allow":["GET"]}}],"collection":[{"href":"https:\/\/www.fensterfurihrzuhause.eu\/index.php?rest_route=\/wp\/v2\/pages"}],"about":[{"href":"https:\/\/www.fensterfurihrzuhause.eu\/index.php?rest_route=\/wp\/v2\/types\/page"}],"author":[{"embeddable":true,"href":"https:\/\/www.fensterfurihrzuhause.eu\/index.php?rest_route=\/wp\/v2\/users\/1"}],"replies":[{"embeddable":true,"href":"https:\/\/www.fensterfurihrzuhause.eu\/index.php?rest_route=%2Fwp%2Fv2%2Fcomments&post=59"}],"version-history":[{"count":12,"href":"https:\/\/www.fensterfurihrzuhause.eu\/index.php?rest_route=\/wp\/v2\/pages\/59\/revisions"}],"predecessor-version":[{"id":231,"href":"https:\/\/www.fensterfurihrzuhause.eu\/index.php?rest_route=\/wp\/v2\/pages\/59\/revisions\/231"}],"wp:attachment":[{"href":"https:\/\/www.fensterfurihrzuhause.eu\/index.php?rest_route=%2Fwp%2Fv2%2Fmedia&parent=59"}],"curies":[{"name":"wp","href":"https:\/\/api.w.org\/{rel}","templated":true}]}}